{"id":98731,"date":"2024-05-27T15:26:05","date_gmt":"2024-05-27T13:26:05","guid":{"rendered":"http:\/\/www.lachapelledesflandres.fr\/?page_id=98731"},"modified":"2024-05-27T15:34:19","modified_gmt":"2024-05-27T13:34:19","slug":"charte-de-la-laicite-et-valeurs-republicaines","status":"publish","type":"page","link":"https:\/\/www.lachapelledesflandres.fr\/index.php\/charte-de-la-laicite-et-valeurs-republicaines\/","title":{"rendered":"Charte de la la\u00efcit\u00e9 et valeurs r\u00e9publicaines"},"content":{"rendered":"\t\t<div data-elementor-type=\"wp-page\" data-elementor-id=\"98731\" class=\"elementor elementor-98731\" data-elementor-post-type=\"page\">\n\t\t\t\t<div class=\"elementor-element elementor-element-bdf3167 e-flex e-con-boxed e-con e-parent\" data-id=\"bdf3167\" data-element_type=\"container\">\n\t\t\t\t\t<div class=\"e-con-inner\">\n\t\t\t\t<div class=\"elementor-element elementor-element-62e5d5c elementor-widget elementor-widget-heading\" data-id=\"62e5d5c\" data-element_type=\"widget\" data-widget_type=\"heading.default\">\n\t\t\t\t\t<h2 class=\"elementor-heading-title elementor-size-default\">Charte de la la\u00efcit\u00e9 et valeurs r\u00e9publicaines<\/h2>\t\t\t\t<\/div>\n\t\t\t\t<div class=\"elementor-element elementor-element-dad5c00 elementor-widget elementor-widget-text-editor\" data-id=\"dad5c00\" data-element_type=\"widget\" data-widget_type=\"text-editor.default\">\n\t\t\t\t\t\t\t\t\t<p><span style=\"font-weight: 400;\">Convaincue que les associations jouent un r\u00f4le essentiel dans l\u2019animation du territoire, le d\u00e9veloppement local et la coh\u00e9sion sociale, la r\u00e9gion Hauts-de-France, souhaite travailler avec elles \u00e0 la r\u00e9affirmation, au partage et au respect de ces principes et valeurs fondamentales.<\/span><\/p><p><span style=\"font-weight: 400;\">En tant qu\u2019association, la Chapelle des Flandres est signataire de la Charte de la la\u00efcit\u00e9 et des valeurs r\u00e9publicaines qui rappelle les principes et valeurs auxquels nous souscrivons :<\/span><\/p><ul><li style=\"font-weight: 400;\" aria-level=\"1\"><span style=\"font-weight: 400;\">l\u2019\u00e9galit\u00e9 de tous devant la loi, sans distinction d\u2019origine, de race ou de religion ;<\/span><\/li><li style=\"font-weight: 400;\" aria-level=\"1\"><span style=\"font-weight: 400;\">le respect de toutes les croyances ;<\/span><\/li><li style=\"font-weight: 400;\" aria-level=\"1\"><span style=\"font-weight: 400;\">l\u2019\u00e9galit\u00e9 entre les hommes et les femmes ;<\/span><\/li><li style=\"font-weight: 400;\" aria-level=\"1\"><span style=\"font-weight: 400;\">la libert\u00e9 de conscience et le libre exercice des cultes sous les seules restrictions \u00e9dict\u00e9es dans l\u2019int\u00e9r\u00eat de l\u2019ordre public.<\/span><\/li><\/ul><p><span style=\"font-weight: 400;\">En signant cette charte, la Chapelle des Flandres s\u2019engage \u00e0 :<\/span><\/p><ul><li style=\"font-weight: 400;\" aria-level=\"1\"><span style=\"font-weight: 400;\">respecter ces principes r\u00e9publicains dans le cadre de la mise en \u0153uvre du projet pour lequel elle sollicite le soutien de la r\u00e9gion Hauts-de-France ;<\/span><\/li><li style=\"font-weight: 400;\" aria-level=\"1\"><span style=\"font-weight: 400;\">\u00e0 respecter les engagements, \u00e9num\u00e9r\u00e9s ci-apr\u00e8s, afin de promouvoir concr\u00e8tement la mise en \u0153uvre de ces principes.<\/span><\/li><\/ul><h2><b>Nos engagements<\/b><\/h2><ul><li style=\"font-weight: 400;\" aria-level=\"1\"><span style=\"font-weight: 400;\">Promouvoir les principes inscrits dans le pr\u00e9ambule de la charte r\u00e9gionale et des valeurs r\u00e9publicaines par diff\u00e9rents moyens et sous diff\u00e9rentes formes permettant d\u2019attester de la prise en compte et de la diffusion desdits principes : affichage, communications publiques, manifestations d\u00e9di\u00e9es, int\u00e9gration dans les r\u00e8gles de fonctionnement de la structure et plus g\u00e9n\u00e9ralement toute initiative permettant de retracer les actions de l\u2019association en faveur du respect et de la promotion desdits principes.<\/span><\/li><\/ul><ul><li style=\"font-weight: 400;\" aria-level=\"1\"><span style=\"font-weight: 400;\">R\u00e9fl\u00e9chir aux moyens de faire vivre la r\u00e9flexion sur la la\u00efcit\u00e9 au sein de notre structure.<\/span><\/li><\/ul><ul><li style=\"font-weight: 400;\" aria-level=\"1\"><span style=\"font-weight: 400;\">Proscrire, dans le fonctionnement de notre association et dans la mise en \u0153uvre des projets qu\u2019elle porte, toutes les violences et toutes les discriminations.<\/span><\/li><\/ul><ul><li style=\"font-weight: 400;\" aria-level=\"1\"><span style=\"font-weight: 400;\">Promouvoir une culture du respect et de la compr\u00e9hension de l\u2019autre.<\/span><\/li><\/ul>\t\t\t\t\t\t\t\t<\/div>\n\t\t\t\t\t<\/div>\n\t\t\t\t<\/div>\n\t\t\t\t<\/div>\n\t\t","protected":false},"excerpt":{"rendered":"<p>Charte de la la\u00efcit\u00e9 et valeurs r\u00e9publicaines Convaincue que les associations jouent un r\u00f4le essentiel dans l\u2019animation du territoire, le d\u00e9veloppement local et la coh\u00e9sion sociale, la r\u00e9gion Hauts-de-France, souhaite travailler avec elles \u00e0 la r\u00e9affirmation, au partage et au respect de ces principes et valeurs fondamentales. En tant qu\u2019association, la Chapelle des Flandres est [&hellip;]<\/p>\n","protected":false},"author":1,"featured_media":0,"parent":0,"menu_order":0,"comment_status":"closed","ping_status":"closed","template":"","meta":{"_acf_changed":false,"om_disable_all_campaigns":false,"_monsterinsights_skip_tracking":false,"_monsterinsights_sitenote_active":false,"_monsterinsights_sitenote_note":"","_monsterinsights_sitenote_category":0,"ocean_post_layout":"","ocean_both_sidebars_style":"","ocean_both_sidebars_content_width":0,"ocean_both_sidebars_sidebars_width":0,"ocean_sidebar":"","ocean_second_sidebar":"","ocean_disable_margins":"enable","ocean_add_body_class":"","ocean_shortcode_before_top_bar":"","ocean_shortcode_after_top_bar":"","ocean_shortcode_before_header":"","ocean_shortcode_after_header":"","ocean_has_shortcode":"","ocean_shortcode_after_title":"","ocean_shortcode_before_footer_widgets":"","ocean_shortcode_after_footer_widgets":"","ocean_shortcode_before_footer_bottom":"","ocean_shortcode_after_footer_bottom":"","ocean_display_top_bar":"default","ocean_display_header":"default","ocean_header_style":"","ocean_center_header_left_menu":"","ocean_custom_header_template":"","ocean_custom_logo":0,"ocean_custom_retina_logo":0,"ocean_custom_logo_max_width":0,"ocean_custom_logo_tablet_max_width":0,"ocean_custom_logo_mobile_max_width":0,"ocean_custom_logo_max_height":0,"ocean_custom_logo_tablet_max_height":0,"ocean_custom_logo_mobile_max_height":0,"ocean_header_custom_menu":"","ocean_menu_typo_font_family":"","ocean_menu_typo_font_subset":"","ocean_menu_typo_font_size":0,"ocean_menu_typo_font_size_tablet":0,"ocean_menu_typo_font_size_mobile":0,"ocean_menu_typo_font_size_unit":"px","ocean_menu_typo_font_weight":"","ocean_menu_typo_font_weight_tablet":"","ocean_menu_typo_font_weight_mobile":"","ocean_menu_typo_transform":"","ocean_menu_typo_transform_tablet":"","ocean_menu_typo_transform_mobile":"","ocean_menu_typo_line_height":0,"ocean_menu_typo_line_height_tablet":0,"ocean_menu_typo_line_height_mobile":0,"ocean_menu_typo_line_height_unit":"","ocean_menu_typo_spacing":0,"ocean_menu_typo_spacing_tablet":0,"ocean_menu_typo_spacing_mobile":0,"ocean_menu_typo_spacing_unit":"","ocean_menu_link_color":"","ocean_menu_link_color_hover":"","ocean_menu_link_color_active":"","ocean_menu_link_background":"","ocean_menu_link_hover_background":"","ocean_menu_link_active_background":"","ocean_menu_social_links_bg":"","ocean_menu_social_hover_links_bg":"","ocean_menu_social_links_color":"","ocean_menu_social_hover_links_color":"","ocean_disable_title":"default","ocean_disable_heading":"default","ocean_post_title":"","ocean_post_subheading":"","ocean_post_title_style":"","ocean_post_title_background_color":"","ocean_post_title_background":0,"ocean_post_title_bg_image_position":"","ocean_post_title_bg_image_attachment":"","ocean_post_title_bg_image_repeat":"","ocean_post_title_bg_image_size":"","ocean_post_title_height":0,"ocean_post_title_bg_overlay":0.5,"ocean_post_title_bg_overlay_color":"","ocean_disable_breadcrumbs":"default","ocean_breadcrumbs_color":"","ocean_breadcrumbs_separator_color":"","ocean_breadcrumbs_links_color":"","ocean_breadcrumbs_links_hover_color":"","ocean_display_footer_widgets":"default","ocean_display_footer_bottom":"default","ocean_custom_footer_template":"","footnotes":""},"class_list":["post-98731","page","type-page","status-publish","hentry","entry"],"acf":[],"aioseo_notices":[],"_links":{"self":[{"href":"https:\/\/www.lachapelledesflandres.fr\/index.php\/wp-json\/wp\/v2\/pages\/98731","targetHints":{"allow":["GET"]}}],"collection":[{"href":"https:\/\/www.lachapelledesflandres.fr\/index.php\/wp-json\/wp\/v2\/pages"}],"about":[{"href":"https:\/\/www.lachapelledesflandres.fr\/index.php\/wp-json\/wp\/v2\/types\/page"}],"author":[{"embeddable":true,"href":"https:\/\/www.lachapelledesflandres.fr\/index.php\/wp-json\/wp\/v2\/users\/1"}],"replies":[{"embeddable":true,"href":"https:\/\/www.lachapelledesflandres.fr\/index.php\/wp-json\/wp\/v2\/comments?post=98731"}],"version-history":[{"count":7,"href":"https:\/\/www.lachapelledesflandres.fr\/index.php\/wp-json\/wp\/v2\/pages\/98731\/revisions"}],"predecessor-version":[{"id":98738,"href":"https:\/\/www.lachapelledesflandres.fr\/index.php\/wp-json\/wp\/v2\/pages\/98731\/revisions\/98738"}],"wp:attachment":[{"href":"https:\/\/www.lachapelledesflandres.fr\/index.php\/wp-json\/wp\/v2\/media?parent=98731"}],"curies":[{"name":"wp","href":"https:\/\/api.w.org\/{rel}","templated":true}]}}